{"id":6598,"date":"2025-01-10T19:17:06","date_gmt":"2025-01-10T18:17:06","guid":{"rendered":"https:\/\/lherboristeriedesaintpantaleon.com\/?post_type=product&#038;p=6598"},"modified":"2025-06-05T16:34:48","modified_gmt":"2025-06-05T14:34:48","slug":"potion-equilibre-intestinal-2","status":"publish","type":"product","link":"https:\/\/lherboristeriedesaintpantaleon.com\/index.php\/produit\/potion-equilibre-intestinal-2\/","title":{"rendered":"Potion Equilibre Intestinal"},"content":{"rendered":"<p>M\u00e9lange de plantes en poudre:\u00a0<strong><span style=\"color: #008000;\">Psyllium, pomme, aun\u00e9e, cannelle, cardamome, chicor\u00e9e, courge, Fenouil, gingembre, mauve, ortie, r\u00e9glisse.<\/span><\/strong><\/p>\n<p><strong><span style=\"color: #008000;\">Pot en verre violet<\/span><\/strong><span style=\"color: #333333;\">:\u00a0<strong><span style=\"color: #333333;\">Contenance:<\/span><\/strong> <strong><span style=\"color: #008000;\">200g<\/span><\/strong><\/span><\/p>\n<ul>\n<li><span style=\"color: #008000;\"><strong><i>\u00a0Pourquoi un contenant en verre violet?<\/i><\/strong>\u00a0<\/span>\u00a0Il permet de prot\u00e9ger les plantes de la lumi\u00e8re afin d\u2019\u00e9viter toutes oxydations et perte des principes actifs des plantes. Puis d\u00e8s votre tisane termin\u00e9e,\u00a0 commandez\u00a0<span style=\"color: #008000;\"><strong>la Potion Equilibre Intestinal,<\/strong>\u00a0<em><strong>en sachet kraft<\/strong><\/em>\u00a0<\/span>afin de remplir \u00e0 nouveau votre pot (dans la rubrique\u00a0<strong>Intestins).<\/strong><\/li>\n<\/ul>\n","protected":false},"excerpt":{"rendered":"<p>Le contenant en verre violet permet de prot\u00e9ger les plantes de la lumi\u00e8re afin d\u2019\u00e9viter toutes oxydations et perte des principes actifs des plantes.<\/p>\n","protected":false},"featured_media":6599,"comment_status":"open","ping_status":"closed","template":"","meta":[],"product_brand":[],"product_cat":[91,87,85],"product_tag":[],"class_list":{"0":"post-6598","1":"product","2":"type-product","3":"status-publish","4":"has-post-thumbnail","6":"product_cat-creations-passion-aromatique","7":"product_cat-intestins","8":"product_cat-tisanes-pot-en-verre-violet","10":"first","11":"instock","12":"shipping-taxable","13":"purchasable","14":"product-type-simple"},"aioseo_notices":[],"_links":{"self":[{"href":"https:\/\/lherboristeriedesaintpantaleon.com\/index.php\/wp-json\/wp\/v2\/product\/6598","targetHints":{"allow":["GET"]}}],"collection":[{"href":"https:\/\/lherboristeriedesaintpantaleon.com\/index.php\/wp-json\/wp\/v2\/product"}],"about":[{"href":"https:\/\/lherboristeriedesaintpantaleon.com\/index.php\/wp-json\/wp\/v2\/types\/product"}],"replies":[{"embeddable":true,"href":"https:\/\/lherboristeriedesaintpantaleon.com\/index.php\/wp-json\/wp\/v2\/comments?post=6598"}],"wp:featuredmedia":[{"embeddable":true,"href":"https:\/\/lherboristeriedesaintpantaleon.com\/index.php\/wp-json\/wp\/v2\/media\/6599"}],"wp:attachment":[{"href":"https:\/\/lherboristeriedesaintpantaleon.com\/index.php\/wp-json\/wp\/v2\/media?parent=6598"}],"wp:term":[{"taxonomy":"product_brand","embeddable":true,"href":"https:\/\/lherboristeriedesaintpantaleon.com\/index.php\/wp-json\/wp\/v2\/product_brand?post=6598"},{"taxonomy":"product_cat","embeddable":true,"href":"https:\/\/lherboristeriedesaintpantaleon.com\/index.php\/wp-json\/wp\/v2\/product_cat?post=6598"},{"taxonomy":"product_tag","embeddable":true,"href":"https:\/\/lherboristeriedesaintpantaleon.com\/index.php\/wp-json\/wp\/v2\/product_tag?post=6598"}],"curies":[{"name":"wp","href":"https:\/\/api.w.org\/{rel}","templated":true}]}}