{"id":662,"date":"2018-05-06T16:15:12","date_gmt":"2018-05-06T14:15:12","guid":{"rendered":"http:\/\/lherboristeriedesaintpantaleon.com\/?post_type=product&#038;p=662"},"modified":"2025-04-12T20:38:21","modified_gmt":"2025-04-12T18:38:21","slug":"anis-vert-50g","status":"publish","type":"product","link":"https:\/\/lherboristeriedesaintpantaleon.com\/index.php\/produit\/anis-vert-50g\/","title":{"rendered":"Anis vert"},"content":{"rendered":"<p>&nbsp;<\/p>\n<p><strong><span style=\"color: #008000;\">Anis vert<\/span><\/strong>\u00a0<em>Pimpinella anisum<\/em><\/p>\n<p>Partie de la plante utilis\u00e9e: <span style=\"color: #008000;\"><strong>Fruit ou semence<\/strong>. (<\/span>appel\u00e9 commun\u00e9ment <span style=\"color: #008000;\">graine<span style=\"color: #333333;\">).<\/span><\/span><\/p>\n<p>Produit certifi\u00e9 <span style=\"color: #008000;\"><strong>AB. <\/strong><\/span><\/p>\n<p>sachet de <strong><span style=\"color: #008000;\">25g, 30g, 50g, 100g, 200g<\/span><\/strong><\/p>\n","protected":false},"excerpt":{"rendered":"<p>&nbsp; Anis vert\u00a0Pimpinella anisum Partie de la plante utilis\u00e9e: Fruit ou semence. (appel\u00e9 commun\u00e9ment graine). Produit certifi\u00e9 AB. sachet de [&hellip;]<\/p>\n","protected":false},"featured_media":660,"comment_status":"open","ping_status":"closed","template":"","meta":[],"product_brand":[],"product_cat":[32],"product_tag":[],"class_list":{"0":"post-662","1":"product","2":"type-product","3":"status-publish","4":"has-post-thumbnail","6":"product_cat-plantes-seches","8":"first","9":"instock","10":"shipping-taxable","11":"purchasable","12":"product-type-variable"},"aioseo_notices":[],"_links":{"self":[{"href":"https:\/\/lherboristeriedesaintpantaleon.com\/index.php\/wp-json\/wp\/v2\/product\/662","targetHints":{"allow":["GET"]}}],"collection":[{"href":"https:\/\/lherboristeriedesaintpantaleon.com\/index.php\/wp-json\/wp\/v2\/product"}],"about":[{"href":"https:\/\/lherboristeriedesaintpantaleon.com\/index.php\/wp-json\/wp\/v2\/types\/product"}],"replies":[{"embeddable":true,"href":"https:\/\/lherboristeriedesaintpantaleon.com\/index.php\/wp-json\/wp\/v2\/comments?post=662"}],"wp:featuredmedia":[{"embeddable":true,"href":"https:\/\/lherboristeriedesaintpantaleon.com\/index.php\/wp-json\/wp\/v2\/media\/660"}],"wp:attachment":[{"href":"https:\/\/lherboristeriedesaintpantaleon.com\/index.php\/wp-json\/wp\/v2\/media?parent=662"}],"wp:term":[{"taxonomy":"product_brand","embeddable":true,"href":"https:\/\/lherboristeriedesaintpantaleon.com\/index.php\/wp-json\/wp\/v2\/product_brand?post=662"},{"taxonomy":"product_cat","embeddable":true,"href":"https:\/\/lherboristeriedesaintpantaleon.com\/index.php\/wp-json\/wp\/v2\/product_cat?post=662"},{"taxonomy":"product_tag","embeddable":true,"href":"https:\/\/lherboristeriedesaintpantaleon.com\/index.php\/wp-json\/wp\/v2\/product_tag?post=662"}],"curies":[{"name":"wp","href":"https:\/\/api.w.org\/{rel}","templated":true}]}}