{"id":6631,"date":"2025-01-27T19:19:03","date_gmt":"2025-01-27T18:19:03","guid":{"rendered":"https:\/\/lherboristeriedesaintpantaleon.com\/?post_type=product&#038;p=6631"},"modified":"2025-04-10T14:13:30","modified_gmt":"2025-04-10T12:13:30","slug":"manganese","status":"publish","type":"product","link":"https:\/\/lherboristeriedesaintpantaleon.com\/index.php\/produit\/manganese\/","title":{"rendered":"Mangan\u00e8se"},"content":{"rendered":"<p><strong><span style=\"color: #008000;\">Le Mangan\u00e8se<\/span>,\u00a0\u00a0<span style=\"color: #008000;\">Laboratoire Catalyons<\/span>\u00a0<\/strong><em>(laboratoire\u00a0<\/em><em>fran\u00e7ais cr\u00e9e en 1960 par Raymond valtat)\u00a0<\/em><\/p>\n<p><em>Conditionnement:\u00a0<span style=\"color: #008000;\"><strong>Flacon\u00a0<\/strong><\/span><\/em><em><span style=\"color: #008000;\"><strong>\u00a0<\/strong><strong>de<\/strong><strong>\u00a0500 ml.<\/strong>\u00a0<\/span>\u00a0<\/em><\/p>\n<p>Ingr\u00e9dients :\u00a0<span style=\"color: #008000;\"><em><strong>Eau<\/strong><strong>\u00a0 ultra purifi\u00e9e et dynamis\u00e9e, carbonate de mangan\u00e8se<\/strong><\/em><em><strong>.\u00a0<\/strong><\/em><\/span><\/p>\n","protected":false},"excerpt":{"rendered":"<p><span style=\"font-size: 18pt;\"><strong>Laboratoire Catalyons<\/strong><\/span><\/p>\n","protected":false},"featured_media":6652,"comment_status":"open","ping_status":"closed","template":"","meta":[],"product_brand":[],"product_cat":[15],"product_tag":[],"class_list":{"0":"post-6631","1":"product","2":"type-product","3":"status-publish","4":"has-post-thumbnail","6":"product_cat-les-oligo-elements","8":"first","9":"instock","10":"shipping-taxable","11":"purchasable","12":"product-type-simple"},"aioseo_notices":[],"_links":{"self":[{"href":"https:\/\/lherboristeriedesaintpantaleon.com\/index.php\/wp-json\/wp\/v2\/product\/6631","targetHints":{"allow":["GET"]}}],"collection":[{"href":"https:\/\/lherboristeriedesaintpantaleon.com\/index.php\/wp-json\/wp\/v2\/product"}],"about":[{"href":"https:\/\/lherboristeriedesaintpantaleon.com\/index.php\/wp-json\/wp\/v2\/types\/product"}],"replies":[{"embeddable":true,"href":"https:\/\/lherboristeriedesaintpantaleon.com\/index.php\/wp-json\/wp\/v2\/comments?post=6631"}],"wp:featuredmedia":[{"embeddable":true,"href":"https:\/\/lherboristeriedesaintpantaleon.com\/index.php\/wp-json\/wp\/v2\/media\/6652"}],"wp:attachment":[{"href":"https:\/\/lherboristeriedesaintpantaleon.com\/index.php\/wp-json\/wp\/v2\/media?parent=6631"}],"wp:term":[{"taxonomy":"product_brand","embeddable":true,"href":"https:\/\/lherboristeriedesaintpantaleon.com\/index.php\/wp-json\/wp\/v2\/product_brand?post=6631"},{"taxonomy":"product_cat","embeddable":true,"href":"https:\/\/lherboristeriedesaintpantaleon.com\/index.php\/wp-json\/wp\/v2\/product_cat?post=6631"},{"taxonomy":"product_tag","embeddable":true,"href":"https:\/\/lherboristeriedesaintpantaleon.com\/index.php\/wp-json\/wp\/v2\/product_tag?post=6631"}],"curies":[{"name":"wp","href":"https:\/\/api.w.org\/{rel}","templated":true}]}}