{"id":670,"date":"2018-05-06T17:37:34","date_gmt":"2018-05-06T15:37:34","guid":{"rendered":"http:\/\/lherboristeriedesaintpantaleon.com\/?post_type=product&#038;p=670"},"modified":"2026-01-23T19:22:43","modified_gmt":"2026-01-23T18:22:43","slug":"bouillon-blanc-25g","status":"publish","type":"product","link":"https:\/\/lherboristeriedesaintpantaleon.com\/index.php\/produit\/bouillon-blanc-25g\/","title":{"rendered":"Bouillon blanc"},"content":{"rendered":"<p><strong><span style=\"color: #008000;\">Bouillon blanc<\/span><\/strong>\u00a0<em>Verbascum tapsus<\/em><\/p>\n<p>Partie de la plante utilis\u00e9e: <strong><span style=\"color: #008000;\">Sommit\u00e9s fleuries coup\u00e9es<\/span><\/strong><\/p>\n<p>Produit certifi\u00e9 <strong><span style=\"color: #008000;\">AB<\/span><\/strong>.<\/p>\n<p>Sachet de <strong><span style=\"color: #008000;\">25g, 30g, 50g, 100g, 200g.<\/span><\/strong><\/p>\n<p>&nbsp;<\/p>\n","protected":false},"excerpt":{"rendered":"<p>Bouillon blanc\u00a0Verbascum tapsus Partie de la plante utilis\u00e9e: Sommit\u00e9s fleuries coup\u00e9es Produit certifi\u00e9 AB. Sachet de 25g, 30g, 50g, 100g, [&hellip;]<\/p>\n","protected":false},"featured_media":681,"comment_status":"open","ping_status":"closed","template":"","meta":[],"product_brand":[],"product_cat":[32],"product_tag":[],"class_list":{"0":"post-670","1":"product","2":"type-product","3":"status-publish","4":"has-post-thumbnail","6":"product_cat-plantes-seches","8":"first","9":"instock","10":"shipping-taxable","11":"purchasable","12":"product-type-variable"},"aioseo_notices":[],"_links":{"self":[{"href":"https:\/\/lherboristeriedesaintpantaleon.com\/index.php\/wp-json\/wp\/v2\/product\/670","targetHints":{"allow":["GET"]}}],"collection":[{"href":"https:\/\/lherboristeriedesaintpantaleon.com\/index.php\/wp-json\/wp\/v2\/product"}],"about":[{"href":"https:\/\/lherboristeriedesaintpantaleon.com\/index.php\/wp-json\/wp\/v2\/types\/product"}],"replies":[{"embeddable":true,"href":"https:\/\/lherboristeriedesaintpantaleon.com\/index.php\/wp-json\/wp\/v2\/comments?post=670"}],"wp:featuredmedia":[{"embeddable":true,"href":"https:\/\/lherboristeriedesaintpantaleon.com\/index.php\/wp-json\/wp\/v2\/media\/681"}],"wp:attachment":[{"href":"https:\/\/lherboristeriedesaintpantaleon.com\/index.php\/wp-json\/wp\/v2\/media?parent=670"}],"wp:term":[{"taxonomy":"product_brand","embeddable":true,"href":"https:\/\/lherboristeriedesaintpantaleon.com\/index.php\/wp-json\/wp\/v2\/product_brand?post=670"},{"taxonomy":"product_cat","embeddable":true,"href":"https:\/\/lherboristeriedesaintpantaleon.com\/index.php\/wp-json\/wp\/v2\/product_cat?post=670"},{"taxonomy":"product_tag","embeddable":true,"href":"https:\/\/lherboristeriedesaintpantaleon.com\/index.php\/wp-json\/wp\/v2\/product_tag?post=670"}],"curies":[{"name":"wp","href":"https:\/\/api.w.org\/{rel}","templated":true}]}}