{"id":678,"date":"2018-05-06T18:42:18","date_gmt":"2018-05-06T16:42:18","guid":{"rendered":"http:\/\/lherboristeriedesaintpantaleon.com\/?post_type=product&#038;p=678"},"modified":"2020-02-26T18:29:08","modified_gmt":"2020-02-26T17:29:08","slug":"cannelle-50g","status":"publish","type":"product","link":"https:\/\/lherboristeriedesaintpantaleon.com\/index.php\/produit\/cannelle-50g\/","title":{"rendered":"Cannelle"},"content":{"rendered":"<p>&nbsp;<\/p>\n<p><span style=\"color: #008000;\"><strong>Cannelle<\/strong><\/span>\u00a0<em>Cinnamomum verum<\/em><\/p>\n<p>Partie de la plante utilis\u00e9e: <strong><span style=\"color: #008000;\">\u00c9corce gratt\u00e9e, coup\u00e9e.<\/span><\/strong><\/p>\n<p>Produit certifi\u00e9 <span style=\"color: #008000;\"><strong>AB<\/strong><\/span>.<\/p>\n<p>Sachet de <span style=\"color: #008000;\"><strong>25g, 30g, 50g, 100g, 200g<\/strong><\/span><\/p>\n<p>&nbsp;<\/p>\n","protected":false},"excerpt":{"rendered":"<p>&nbsp; Cannelle\u00a0Cinnamomum verum Partie de la plante utilis\u00e9e: \u00c9corce gratt\u00e9e, coup\u00e9e. Produit certifi\u00e9 AB. Sachet de 25g, 30g, 50g, 100g, [&hellip;]<\/p>\n","protected":false},"featured_media":679,"comment_status":"open","ping_status":"closed","template":"","meta":[],"product_brand":[],"product_cat":[32,65],"product_tag":[],"class_list":{"0":"post-678","1":"product","2":"type-product","3":"status-publish","4":"has-post-thumbnail","6":"product_cat-plantes-seches","7":"product_cat-epices","9":"first","10":"instock","11":"taxable","12":"shipping-taxable","13":"purchasable","14":"product-type-variable"},"aioseo_notices":[],"_links":{"self":[{"href":"https:\/\/lherboristeriedesaintpantaleon.com\/index.php\/wp-json\/wp\/v2\/product\/678","targetHints":{"allow":["GET"]}}],"collection":[{"href":"https:\/\/lherboristeriedesaintpantaleon.com\/index.php\/wp-json\/wp\/v2\/product"}],"about":[{"href":"https:\/\/lherboristeriedesaintpantaleon.com\/index.php\/wp-json\/wp\/v2\/types\/product"}],"replies":[{"embeddable":true,"href":"https:\/\/lherboristeriedesaintpantaleon.com\/index.php\/wp-json\/wp\/v2\/comments?post=678"}],"wp:featuredmedia":[{"embeddable":true,"href":"https:\/\/lherboristeriedesaintpantaleon.com\/index.php\/wp-json\/wp\/v2\/media\/679"}],"wp:attachment":[{"href":"https:\/\/lherboristeriedesaintpantaleon.com\/index.php\/wp-json\/wp\/v2\/media?parent=678"}],"wp:term":[{"taxonomy":"product_brand","embeddable":true,"href":"https:\/\/lherboristeriedesaintpantaleon.com\/index.php\/wp-json\/wp\/v2\/product_brand?post=678"},{"taxonomy":"product_cat","embeddable":true,"href":"https:\/\/lherboristeriedesaintpantaleon.com\/index.php\/wp-json\/wp\/v2\/product_cat?post=678"},{"taxonomy":"product_tag","embeddable":true,"href":"https:\/\/lherboristeriedesaintpantaleon.com\/index.php\/wp-json\/wp\/v2\/product_tag?post=678"}],"curies":[{"name":"wp","href":"https:\/\/api.w.org\/{rel}","templated":true}]}}