{"id":684,"date":"2018-05-06T19:07:46","date_gmt":"2018-05-06T17:07:46","guid":{"rendered":"http:\/\/lherboristeriedesaintpantaleon.com\/?post_type=product&#038;p=684"},"modified":"2021-03-17T12:01:43","modified_gmt":"2021-03-17T11:01:43","slug":"chicoree","status":"publish","type":"product","link":"https:\/\/lherboristeriedesaintpantaleon.com\/index.php\/produit\/chicoree\/","title":{"rendered":"Chicor\u00e9e"},"content":{"rendered":"<p>&nbsp;<\/p>\n<p><span style=\"color: #008000;\"><strong>Chicor\u00e9e<\/strong><\/span>\u00a0<em>Chicorium intybus<\/em><\/p>\n<p>Partie de la plante utilis\u00e9e: <strong><span style=\"color: #008000;\">Racine coup\u00e9e<\/span><\/strong><\/p>\n<p>Produit certifi\u00e9 <strong><span style=\"color: #008000;\">AB<\/span><\/strong>.<\/p>\n<p>sachet de\u00a0<span style=\"color: #008000;\"><strong>25g, 30g, 50g, 10g, 200g,<\/strong><\/span><\/p>\n<p>&nbsp;<\/p>\n","protected":false},"excerpt":{"rendered":"<p>&nbsp; Chicor\u00e9e\u00a0Chicorium intybus Partie de la plante utilis\u00e9e: Racine coup\u00e9e Produit certifi\u00e9 AB. sachet de\u00a025g, 30g, 50g, 10g, 200g, &nbsp;<\/p>\n","protected":false},"featured_media":685,"comment_status":"open","ping_status":"closed","template":"","meta":[],"product_brand":[],"product_cat":[32],"product_tag":[],"class_list":{"0":"post-684","1":"product","2":"type-product","3":"status-publish","4":"has-post-thumbnail","6":"product_cat-plantes-seches","8":"first","9":"instock","10":"shipping-taxable","11":"purchasable","12":"product-type-variable"},"aioseo_notices":[],"_links":{"self":[{"href":"https:\/\/lherboristeriedesaintpantaleon.com\/index.php\/wp-json\/wp\/v2\/product\/684","targetHints":{"allow":["GET"]}}],"collection":[{"href":"https:\/\/lherboristeriedesaintpantaleon.com\/index.php\/wp-json\/wp\/v2\/product"}],"about":[{"href":"https:\/\/lherboristeriedesaintpantaleon.com\/index.php\/wp-json\/wp\/v2\/types\/product"}],"replies":[{"embeddable":true,"href":"https:\/\/lherboristeriedesaintpantaleon.com\/index.php\/wp-json\/wp\/v2\/comments?post=684"}],"wp:featuredmedia":[{"embeddable":true,"href":"https:\/\/lherboristeriedesaintpantaleon.com\/index.php\/wp-json\/wp\/v2\/media\/685"}],"wp:attachment":[{"href":"https:\/\/lherboristeriedesaintpantaleon.com\/index.php\/wp-json\/wp\/v2\/media?parent=684"}],"wp:term":[{"taxonomy":"product_brand","embeddable":true,"href":"https:\/\/lherboristeriedesaintpantaleon.com\/index.php\/wp-json\/wp\/v2\/product_brand?post=684"},{"taxonomy":"product_cat","embeddable":true,"href":"https:\/\/lherboristeriedesaintpantaleon.com\/index.php\/wp-json\/wp\/v2\/product_cat?post=684"},{"taxonomy":"product_tag","embeddable":true,"href":"https:\/\/lherboristeriedesaintpantaleon.com\/index.php\/wp-json\/wp\/v2\/product_tag?post=684"}],"curies":[{"name":"wp","href":"https:\/\/api.w.org\/{rel}","templated":true}]}}