{"id":857,"date":"2018-05-18T14:36:03","date_gmt":"2018-05-18T12:36:03","guid":{"rendered":"http:\/\/lherboristeriedesaintpantaleon.com\/?post_type=product&#038;p=857"},"modified":"2026-01-23T19:22:26","modified_gmt":"2026-01-23T18:22:26","slug":"eleutherocoque-50g","status":"publish","type":"product","link":"https:\/\/lherboristeriedesaintpantaleon.com\/index.php\/produit\/eleutherocoque-50g\/","title":{"rendered":"Eleuth\u00e9rocoque"},"content":{"rendered":"<p>&nbsp;<\/p>\n<p><span style=\"color: #008000;\"><strong>Eleuth\u00e9rocoque<span style=\"color: #000000;\">\u00a0<\/span><\/strong><\/span><span style=\"color: #000000;\"><em>Eleutherococcus senticosus<\/em><\/span><\/p>\n<p><span style=\"color: #000000;\">Partie de la plante utilis\u00e9e:<\/span> <span style=\"color: #008000;\"><strong>Racines<\/strong><\/span><\/p>\n<p><span style=\"color: #000000;\">Produit certifi\u00e9<\/span>\u00a0<span style=\"color: #008000;\"><strong>AB<\/strong><\/span>,<\/p>\n<p><span style=\"color: #000000;\">sachet de<\/span> <strong><span style=\"color: #008000;\">25g, 30g, 50g, 100g, 200g.<\/span><\/strong><\/p>\n<p><strong><span style=\"color: #008000;\"><em>Tonus et r\u00e9sistance s\u00e9r\u00e9nit\u00e9<\/em><\/span><\/strong><\/p>\n","protected":false},"excerpt":{"rendered":"<p>&nbsp; Eleuth\u00e9rocoque\u00a0Eleutherococcus senticosus Partie de la plante utilis\u00e9e: Racines Produit certifi\u00e9\u00a0AB, sachet de 25g, 30g, 50g, 100g, 200g. Tonus et [&hellip;]<\/p>\n","protected":false},"featured_media":858,"comment_status":"open","ping_status":"closed","template":"","meta":[],"product_brand":[],"product_cat":[32],"product_tag":[],"class_list":{"0":"post-857","1":"product","2":"type-product","3":"status-publish","4":"has-post-thumbnail","6":"product_cat-plantes-seches","8":"first","9":"instock","10":"shipping-taxable","11":"purchasable","12":"product-type-variable"},"aioseo_notices":[],"_links":{"self":[{"href":"https:\/\/lherboristeriedesaintpantaleon.com\/index.php\/wp-json\/wp\/v2\/product\/857","targetHints":{"allow":["GET"]}}],"collection":[{"href":"https:\/\/lherboristeriedesaintpantaleon.com\/index.php\/wp-json\/wp\/v2\/product"}],"about":[{"href":"https:\/\/lherboristeriedesaintpantaleon.com\/index.php\/wp-json\/wp\/v2\/types\/product"}],"replies":[{"embeddable":true,"href":"https:\/\/lherboristeriedesaintpantaleon.com\/index.php\/wp-json\/wp\/v2\/comments?post=857"}],"wp:featuredmedia":[{"embeddable":true,"href":"https:\/\/lherboristeriedesaintpantaleon.com\/index.php\/wp-json\/wp\/v2\/media\/858"}],"wp:attachment":[{"href":"https:\/\/lherboristeriedesaintpantaleon.com\/index.php\/wp-json\/wp\/v2\/media?parent=857"}],"wp:term":[{"taxonomy":"product_brand","embeddable":true,"href":"https:\/\/lherboristeriedesaintpantaleon.com\/index.php\/wp-json\/wp\/v2\/product_brand?post=857"},{"taxonomy":"product_cat","embeddable":true,"href":"https:\/\/lherboristeriedesaintpantaleon.com\/index.php\/wp-json\/wp\/v2\/product_cat?post=857"},{"taxonomy":"product_tag","embeddable":true,"href":"https:\/\/lherboristeriedesaintpantaleon.com\/index.php\/wp-json\/wp\/v2\/product_tag?post=857"}],"curies":[{"name":"wp","href":"https:\/\/api.w.org\/{rel}","templated":true}]}}