{"id":970,"date":"2018-05-20T20:19:04","date_gmt":"2018-05-20T18:19:04","guid":{"rendered":"http:\/\/lherboristeriedesaintpantaleon.com\/?post_type=product&#038;p=970"},"modified":"2020-04-21T17:15:55","modified_gmt":"2020-04-21T15:15:55","slug":"970","status":"publish","type":"product","link":"https:\/\/lherboristeriedesaintpantaleon.com\/index.php\/produit\/970\/","title":{"rendered":"Vigne rouge"},"content":{"rendered":"<p>&nbsp;<\/p>\n<p><strong><span style=\"color: #008000;\">Vigne rouge<\/span>\u00a0<\/strong><em>Vitis vinifera<\/em><\/p>\n<p>Partie de la plante utilis\u00e9e:<span style=\"color: #008000;\"><strong>Feuille coup\u00e9e<\/strong><\/span><\/p>\n<p>produit certifi\u00e9\u00a0<strong><span style=\"color: #008000;\">AB<\/span><\/strong>,<\/p>\n<p>sachet de<span style=\"color: #008000;\">\u00a0 <strong>30g, 50g, 100g<\/strong><\/span><\/p>\n<p>&nbsp;<\/p>\n","protected":false},"excerpt":{"rendered":"<p>&nbsp; Vigne rouge\u00a0Vitis vinifera Partie de la plante utilis\u00e9e:Feuille coup\u00e9e produit certifi\u00e9\u00a0AB, sachet de\u00a0 30g, 50g, 100g &nbsp;<\/p>\n","protected":false},"featured_media":958,"comment_status":"open","ping_status":"closed","template":"","meta":[],"product_brand":[],"product_cat":[32],"product_tag":[],"class_list":{"0":"post-970","1":"product","2":"type-product","3":"status-publish","4":"has-post-thumbnail","6":"product_cat-plantes-seches","8":"first","9":"instock","10":"shipping-taxable","11":"purchasable","12":"product-type-variable"},"aioseo_notices":[],"_links":{"self":[{"href":"https:\/\/lherboristeriedesaintpantaleon.com\/index.php\/wp-json\/wp\/v2\/product\/970","targetHints":{"allow":["GET"]}}],"collection":[{"href":"https:\/\/lherboristeriedesaintpantaleon.com\/index.php\/wp-json\/wp\/v2\/product"}],"about":[{"href":"https:\/\/lherboristeriedesaintpantaleon.com\/index.php\/wp-json\/wp\/v2\/types\/product"}],"replies":[{"embeddable":true,"href":"https:\/\/lherboristeriedesaintpantaleon.com\/index.php\/wp-json\/wp\/v2\/comments?post=970"}],"wp:featuredmedia":[{"embeddable":true,"href":"https:\/\/lherboristeriedesaintpantaleon.com\/index.php\/wp-json\/wp\/v2\/media\/958"}],"wp:attachment":[{"href":"https:\/\/lherboristeriedesaintpantaleon.com\/index.php\/wp-json\/wp\/v2\/media?parent=970"}],"wp:term":[{"taxonomy":"product_brand","embeddable":true,"href":"https:\/\/lherboristeriedesaintpantaleon.com\/index.php\/wp-json\/wp\/v2\/product_brand?post=970"},{"taxonomy":"product_cat","embeddable":true,"href":"https:\/\/lherboristeriedesaintpantaleon.com\/index.php\/wp-json\/wp\/v2\/product_cat?post=970"},{"taxonomy":"product_tag","embeddable":true,"href":"https:\/\/lherboristeriedesaintpantaleon.com\/index.php\/wp-json\/wp\/v2\/product_tag?post=970"}],"curies":[{"name":"wp","href":"https:\/\/api.w.org\/{rel}","templated":true}]}}