{"id":973,"date":"2018-05-20T21:37:18","date_gmt":"2018-05-20T19:37:18","guid":{"rendered":"http:\/\/lherboristeriedesaintpantaleon.com\/?post_type=product&#038;p=973"},"modified":"2026-01-14T17:37:08","modified_gmt":"2026-01-14T16:37:08","slug":"achillee-millefeuille-100g","status":"publish","type":"product","link":"https:\/\/lherboristeriedesaintpantaleon.com\/index.php\/produit\/achillee-millefeuille-100g\/","title":{"rendered":"Achill\u00e9e millefeuille"},"content":{"rendered":"<p>&nbsp;<\/p>\n<p><strong><span style=\"color: #008000;\">Achill\u00e9e millefeuille<\/span>\u00a0\u00a0<\/strong><em>Achillea millefolium<\/em><\/p>\n<p>Partie de la plante utilis\u00e9e: <span style=\"color: #008000;\"><strong>Sommit\u00e9s fleuries coup\u00e9es<\/strong><\/span><\/p>\n<p>Produit certifi\u00e9 <span style=\"color: #008000;\"><strong>AB<\/strong><\/span>.<strong><span style=\"color: #008000;\"> France<\/span><\/strong><\/p>\n<p>Sachet de\u00a0<strong><span style=\"color: #008000;\">30g, 50g, 100g.<\/span><\/strong><\/p>\n<p>&nbsp;<\/p>\n<p>&nbsp;<\/p>\n","protected":false},"excerpt":{"rendered":"<p>&nbsp; Achill\u00e9e millefeuille\u00a0\u00a0Achillea millefolium Partie de la plante utilis\u00e9e: Sommit\u00e9s fleuries coup\u00e9es Produit certifi\u00e9 AB. France Sachet de\u00a030g, 50g, 100g. [&hellip;]<\/p>\n","protected":false},"featured_media":995,"comment_status":"open","ping_status":"closed","template":"","meta":[],"product_brand":[],"product_cat":[32],"product_tag":[],"class_list":{"0":"post-973","1":"product","2":"type-product","3":"status-publish","4":"has-post-thumbnail","6":"product_cat-plantes-seches","8":"first","9":"instock","10":"shipping-taxable","11":"purchasable","12":"product-type-variable"},"aioseo_notices":[],"_links":{"self":[{"href":"https:\/\/lherboristeriedesaintpantaleon.com\/index.php\/wp-json\/wp\/v2\/product\/973","targetHints":{"allow":["GET"]}}],"collection":[{"href":"https:\/\/lherboristeriedesaintpantaleon.com\/index.php\/wp-json\/wp\/v2\/product"}],"about":[{"href":"https:\/\/lherboristeriedesaintpantaleon.com\/index.php\/wp-json\/wp\/v2\/types\/product"}],"replies":[{"embeddable":true,"href":"https:\/\/lherboristeriedesaintpantaleon.com\/index.php\/wp-json\/wp\/v2\/comments?post=973"}],"wp:featuredmedia":[{"embeddable":true,"href":"https:\/\/lherboristeriedesaintpantaleon.com\/index.php\/wp-json\/wp\/v2\/media\/995"}],"wp:attachment":[{"href":"https:\/\/lherboristeriedesaintpantaleon.com\/index.php\/wp-json\/wp\/v2\/media?parent=973"}],"wp:term":[{"taxonomy":"product_brand","embeddable":true,"href":"https:\/\/lherboristeriedesaintpantaleon.com\/index.php\/wp-json\/wp\/v2\/product_brand?post=973"},{"taxonomy":"product_cat","embeddable":true,"href":"https:\/\/lherboristeriedesaintpantaleon.com\/index.php\/wp-json\/wp\/v2\/product_cat?post=973"},{"taxonomy":"product_tag","embeddable":true,"href":"https:\/\/lherboristeriedesaintpantaleon.com\/index.php\/wp-json\/wp\/v2\/product_tag?post=973"}],"curies":[{"name":"wp","href":"https:\/\/api.w.org\/{rel}","templated":true}]}}