{"id":999,"date":"2018-05-20T23:57:07","date_gmt":"2018-05-20T21:57:07","guid":{"rendered":"http:\/\/lherboristeriedesaintpantaleon.com\/?post_type=product&#038;p=999"},"modified":"2021-03-08T16:53:32","modified_gmt":"2021-03-08T15:53:32","slug":"aunee-30g","status":"publish","type":"product","link":"https:\/\/lherboristeriedesaintpantaleon.com\/index.php\/produit\/aunee-30g\/","title":{"rendered":"Aun\u00e9e"},"content":{"rendered":"<p>&nbsp;<\/p>\n<p><span style=\"color: #008000;\"><strong>Aun\u00e9e\u00a0<\/strong><\/span><em>Inula helenium<\/em><\/p>\n<p>Partie de la plante utilis\u00e9e: <span style=\"color: #008000;\"><strong>Racine coup\u00e9e<\/strong><\/span><\/p>\n<p>Produit certifi\u00e9 <span style=\"color: #008000;\"><strong>AB<\/strong><\/span>.<\/p>\n<p>Sachet <span style=\"color: #008000;\"><strong>30g, 50g, 100g<\/strong><\/span><\/p>\n<p>&nbsp;<\/p>\n","protected":false},"excerpt":{"rendered":"<p>&nbsp; Aun\u00e9e\u00a0Inula helenium Partie de la plante utilis\u00e9e: Racine coup\u00e9e Produit certifi\u00e9 AB. Sachet 30g, 50g, 100g &nbsp;<\/p>\n","protected":false},"featured_media":1000,"comment_status":"open","ping_status":"closed","template":"","meta":[],"product_brand":[],"product_cat":[32],"product_tag":[],"class_list":{"0":"post-999","1":"product","2":"type-product","3":"status-publish","4":"has-post-thumbnail","6":"product_cat-plantes-seches","8":"first","9":"instock","10":"shipping-taxable","11":"purchasable","12":"product-type-variable"},"aioseo_notices":[],"_links":{"self":[{"href":"https:\/\/lherboristeriedesaintpantaleon.com\/index.php\/wp-json\/wp\/v2\/product\/999","targetHints":{"allow":["GET"]}}],"collection":[{"href":"https:\/\/lherboristeriedesaintpantaleon.com\/index.php\/wp-json\/wp\/v2\/product"}],"about":[{"href":"https:\/\/lherboristeriedesaintpantaleon.com\/index.php\/wp-json\/wp\/v2\/types\/product"}],"replies":[{"embeddable":true,"href":"https:\/\/lherboristeriedesaintpantaleon.com\/index.php\/wp-json\/wp\/v2\/comments?post=999"}],"wp:featuredmedia":[{"embeddable":true,"href":"https:\/\/lherboristeriedesaintpantaleon.com\/index.php\/wp-json\/wp\/v2\/media\/1000"}],"wp:attachment":[{"href":"https:\/\/lherboristeriedesaintpantaleon.com\/index.php\/wp-json\/wp\/v2\/media?parent=999"}],"wp:term":[{"taxonomy":"product_brand","embeddable":true,"href":"https:\/\/lherboristeriedesaintpantaleon.com\/index.php\/wp-json\/wp\/v2\/product_brand?post=999"},{"taxonomy":"product_cat","embeddable":true,"href":"https:\/\/lherboristeriedesaintpantaleon.com\/index.php\/wp-json\/wp\/v2\/product_cat?post=999"},{"taxonomy":"product_tag","embeddable":true,"href":"https:\/\/lherboristeriedesaintpantaleon.com\/index.php\/wp-json\/wp\/v2\/product_tag?post=999"}],"curies":[{"name":"wp","href":"https:\/\/api.w.org\/{rel}","templated":true}]}}